{"id":12,"date":"2018-04-23T18:38:55","date_gmt":"2018-04-23T18:38:55","guid":{"rendered":"http:\/\/gthltd.com\/concreterepair\/?page_id=12"},"modified":"2025-03-04T16:50:10","modified_gmt":"2025-03-04T16:50:10","slug":"government-approval","status":"publish","type":"page","link":"https:\/\/gthltd.com\/concreterepair\/government-approval\/","title":{"rendered":"Government Approval"},"content":{"rendered":"\n\n\t<h1>Government Approval Product<\/h1>\n<p><img loading=\"lazy\" decoding=\"async\" src=\"https:\/\/gthltd.com\/concreterepair\/wp-content\/uploads\/2025\/03\/patch-no-more-gov-cert-1.jpg\" alt=\"Patch No More Certified\" width=\"600\" height=\"385\" \/><\/p>\n<p>&nbsp;<\/p>\n\t<p>This will acknowledge your letter of 29\/01\/99 along with relative correspondence concerning the above coating for which acceptance is requested for use in Registered Establishments.<\/p>\nUpon reviewing the physical and chemical data, the coating would appear satisfactory. Therefore, no objection will be taken to the use of the above coating in Registered Establishments on floors, with the understanding that it is used in keeping with the manufacturer&#8217;s recommendations for application and that the coating will provide a smooth and level, hard, impervious surface in keeping with the Canadian<br \/>\nFood Inspection Agency requirements.\n<p>In order to avert possible adverse organoleptic effect in foods which will be processed in areas where the coating will be used, adequate precaution&#8217;s respecting ventilation should be taken to assure volatile constituents in the coating will not contaminate the foods.<\/p>\n<p>This acceptance is not to be misconstrued as an endorsement for this or similar coatings and its use in Registered Establishments will depend upon its continued acceptability to all concerned.<\/p>\n<p>Should any changes occur, either in the formulation of the material or intended function, then this acceptance shall be considered NULL and VOID.<\/p>\n<p>Yours truly,<\/p>\n<p><img loading=\"lazy\" decoding=\"async\" src=\"http:\/\/gthltd.com\/concreterepair\/wp-content\/uploads\/2018\/05\/sig.jpg\" alt=\"Signature\" width=\"117\" height=\"101\" \/><\/p>\n\t<p>J&#8217;accuse r\u00e9ception de votre lettre dat\u00e9e du 29\/01\/99 ainsi que la correspondance connexe concernant le rev\u00eatement ci-dessus pour lequel on demande l&#8217;autorisation d&#8217;emploi dans les \u00e9tablissements agr\u00e9\u00e9s.<\/p>\n<p>\u00c9valu\u00e9 sur ces caract\u00e9ristiques physiques et chimiques, le rev\u00eatement semble satisfaisant. Par cons\u00e9quent, aucune objection sera faite \u00e0 son utilisation dans des \u00e9tablissements agr\u00e9\u00e9s sur les planchers, \u00e0 condition qu&#8217;il soit utilis\u00e9 conform\u00e9ment aux recommandations d&#8217;application du fabricant et qu&#8217;il permettre d&#8217;obtenir une surface lisse, plane, dure et imperm\u00e9able, conform\u00e9ment aux exigences de la Agence canadienne d&#8217;inspection des aliments.<\/p>\n<p>Afin de pr\u00e9venir la possibilit\u00e9 des effets organolaptiques n\u00e9gatifs dans les aliments pr\u00e9par\u00e9s dans les endroits ou le rev\u00eatement sera appliqu\u00e9, il faudra prendra toutes pr\u00e9cautions afin de s&#8217;assurer que les constituants volatils du rev\u00eatement ne contaminant pas les aliments.<\/p>\n<p>Cette autorisation ne constitue pas une recommandation officielle de rev\u00eatement ou d&#8217;autres produits similaires et do son utilisation dans les \u00e9tablissements agr\u00e9\u00e9s sera en fonction de son acceptabilit\u00e9 par toutes parties concern\u00e9es.<\/p>\n<p>Toute modification de la formule chimique, ou de l&#8217;utilisation pr\u00e9vue de produit entrainers l&#8217;ANNULATION de cette autorisation.<\/p>\n<p>Nos sentiments les meilleurs.<\/p>\n<p>Agent de Programmes Produits chimiques non alimentaires &amp; int\u00e9grit\u00e9 des contenants Direction des politiques, de la planification et de la coordination Division des sciences<\/p>\n<p><img loading=\"lazy\" decoding=\"async\" src=\"http:\/\/gthltd.com\/concreterepair\/wp-content\/uploads\/2018\/05\/sig.jpg\" alt=\"Signature\" width=\"117\" height=\"101\" \/><\/p>\n\n","protected":false},"excerpt":{"rendered":"<p>Government Approval Product &nbsp; This will acknowledge your letter of 29\/01\/99 along with relative correspondence concerning the above coating for which acceptance is requested for use in Registered Establishments. Upon reviewing the physical and chemical data, the coating would appear satisfactory. Therefore, no objection will be taken to the use of the above coating in&#8230; <\/p>\n","protected":false},"author":1,"featured_media":0,"parent":0,"menu_order":0,"comment_status":"closed","ping_status":"closed","template":"full-width.php","meta":{"footnotes":""},"class_list":["post-12","page","type-page","status-publish","hentry"],"yoast_head":"<!-- This site is optimized with the Yoast SEO plugin v27.5 - https:\/\/yoast.com\/product\/yoast-seo-wordpress\/ -->\n<title>Government Approval - G.T.H. Ltd.<\/title>\n<meta name=\"robots\" content=\"index, follow, max-snippet:-1, max-image-preview:large, max-video-preview:-1\" \/>\n<link rel=\"canonical\" href=\"https:\/\/gthltd.com\/concreterepair\/government-approval\/\" \/>\n<meta property=\"og:locale\" content=\"en_US\" \/>\n<meta property=\"og:type\" content=\"article\" \/>\n<meta property=\"og:title\" content=\"Government Approval - G.T.H. Ltd.\" \/>\n<meta property=\"og:description\" content=\"Government Approval Product &nbsp; This will acknowledge your letter of 29\/01\/99 along with relative correspondence concerning the above coating for which acceptance is requested for use in Registered Establishments. Upon reviewing the physical and chemical data, the coating would appear satisfactory. Therefore, no objection will be taken to the use of the above coating in...\" \/>\n<meta property=\"og:url\" content=\"https:\/\/gthltd.com\/concreterepair\/government-approval\/\" \/>\n<meta property=\"og:site_name\" content=\"G.T.H. Ltd.\" \/>\n<meta property=\"article:modified_time\" content=\"2025-03-04T16:50:10+00:00\" \/>\n<meta property=\"og:image\" content=\"https:\/\/gthltd.com\/concreterepair\/wp-content\/uploads\/2025\/03\/patch-no-more-gov-cert-1.jpg\" \/>\n<meta name=\"twitter:card\" content=\"summary_large_image\" \/>\n<meta name=\"twitter:label1\" content=\"Est. reading time\" \/>\n\t<meta name=\"twitter:data1\" content=\"2 minutes\" \/>\n<script type=\"application\/ld+json\" class=\"yoast-schema-graph\">{\"@context\":\"https:\\\/\\\/schema.org\",\"@graph\":[{\"@type\":\"WebPage\",\"@id\":\"https:\\\/\\\/gthltd.com\\\/concreterepair\\\/government-approval\\\/\",\"url\":\"https:\\\/\\\/gthltd.com\\\/concreterepair\\\/government-approval\\\/\",\"name\":\"Government Approval - G.T.H. Ltd.\",\"isPartOf\":{\"@id\":\"https:\\\/\\\/gthltd.com\\\/concreterepair\\\/#website\"},\"primaryImageOfPage\":{\"@id\":\"https:\\\/\\\/gthltd.com\\\/concreterepair\\\/government-approval\\\/#primaryimage\"},\"image\":{\"@id\":\"https:\\\/\\\/gthltd.com\\\/concreterepair\\\/government-approval\\\/#primaryimage\"},\"thumbnailUrl\":\"https:\\\/\\\/gthltd.com\\\/concreterepair\\\/wp-content\\\/uploads\\\/2025\\\/03\\\/patch-no-more-gov-cert-1.jpg\",\"datePublished\":\"2018-04-23T18:38:55+00:00\",\"dateModified\":\"2025-03-04T16:50:10+00:00\",\"breadcrumb\":{\"@id\":\"https:\\\/\\\/gthltd.com\\\/concreterepair\\\/government-approval\\\/#breadcrumb\"},\"inLanguage\":\"en-CA\",\"potentialAction\":[{\"@type\":\"ReadAction\",\"target\":[\"https:\\\/\\\/gthltd.com\\\/concreterepair\\\/government-approval\\\/\"]}]},{\"@type\":\"ImageObject\",\"inLanguage\":\"en-CA\",\"@id\":\"https:\\\/\\\/gthltd.com\\\/concreterepair\\\/government-approval\\\/#primaryimage\",\"url\":\"https:\\\/\\\/gthltd.com\\\/concreterepair\\\/wp-content\\\/uploads\\\/2025\\\/03\\\/patch-no-more-gov-cert-1.jpg\",\"contentUrl\":\"https:\\\/\\\/gthltd.com\\\/concreterepair\\\/wp-content\\\/uploads\\\/2025\\\/03\\\/patch-no-more-gov-cert-1.jpg\",\"width\":600,\"height\":385,\"caption\":\"Patch No More Certified\"},{\"@type\":\"BreadcrumbList\",\"@id\":\"https:\\\/\\\/gthltd.com\\\/concreterepair\\\/government-approval\\\/#breadcrumb\",\"itemListElement\":[{\"@type\":\"ListItem\",\"position\":1,\"name\":\"Home\",\"item\":\"https:\\\/\\\/gthltd.com\\\/concreterepair\\\/\"},{\"@type\":\"ListItem\",\"position\":2,\"name\":\"Government Approval\"}]},{\"@type\":\"WebSite\",\"@id\":\"https:\\\/\\\/gthltd.com\\\/concreterepair\\\/#website\",\"url\":\"https:\\\/\\\/gthltd.com\\\/concreterepair\\\/\",\"name\":\"G.T.H. Ltd.\",\"description\":\"Concrete Repair Systems\",\"potentialAction\":[{\"@type\":\"SearchAction\",\"target\":{\"@type\":\"EntryPoint\",\"urlTemplate\":\"https:\\\/\\\/gthltd.com\\\/concreterepair\\\/?s={search_term_string}\"},\"query-input\":{\"@type\":\"PropertyValueSpecification\",\"valueRequired\":true,\"valueName\":\"search_term_string\"}}],\"inLanguage\":\"en-CA\"}]}<\/script>\n<!-- \/ Yoast SEO plugin. -->","yoast_head_json":{"title":"Government Approval - G.T.H. Ltd.","robots":{"index":"index","follow":"follow","max-snippet":"max-snippet:-1","max-image-preview":"max-image-preview:large","max-video-preview":"max-video-preview:-1"},"canonical":"https:\/\/gthltd.com\/concreterepair\/government-approval\/","og_locale":"en_US","og_type":"article","og_title":"Government Approval - G.T.H. Ltd.","og_description":"Government Approval Product &nbsp; This will acknowledge your letter of 29\/01\/99 along with relative correspondence concerning the above coating for which acceptance is requested for use in Registered Establishments. Upon reviewing the physical and chemical data, the coating would appear satisfactory. Therefore, no objection will be taken to the use of the above coating in...","og_url":"https:\/\/gthltd.com\/concreterepair\/government-approval\/","og_site_name":"G.T.H. Ltd.","article_modified_time":"2025-03-04T16:50:10+00:00","og_image":[{"url":"https:\/\/gthltd.com\/concreterepair\/wp-content\/uploads\/2025\/03\/patch-no-more-gov-cert-1.jpg","type":"","width":"","height":""}],"twitter_card":"summary_large_image","twitter_misc":{"Est. reading time":"2 minutes"},"schema":{"@context":"https:\/\/schema.org","@graph":[{"@type":"WebPage","@id":"https:\/\/gthltd.com\/concreterepair\/government-approval\/","url":"https:\/\/gthltd.com\/concreterepair\/government-approval\/","name":"Government Approval - G.T.H. Ltd.","isPartOf":{"@id":"https:\/\/gthltd.com\/concreterepair\/#website"},"primaryImageOfPage":{"@id":"https:\/\/gthltd.com\/concreterepair\/government-approval\/#primaryimage"},"image":{"@id":"https:\/\/gthltd.com\/concreterepair\/government-approval\/#primaryimage"},"thumbnailUrl":"https:\/\/gthltd.com\/concreterepair\/wp-content\/uploads\/2025\/03\/patch-no-more-gov-cert-1.jpg","datePublished":"2018-04-23T18:38:55+00:00","dateModified":"2025-03-04T16:50:10+00:00","breadcrumb":{"@id":"https:\/\/gthltd.com\/concreterepair\/government-approval\/#breadcrumb"},"inLanguage":"en-CA","potentialAction":[{"@type":"ReadAction","target":["https:\/\/gthltd.com\/concreterepair\/government-approval\/"]}]},{"@type":"ImageObject","inLanguage":"en-CA","@id":"https:\/\/gthltd.com\/concreterepair\/government-approval\/#primaryimage","url":"https:\/\/gthltd.com\/concreterepair\/wp-content\/uploads\/2025\/03\/patch-no-more-gov-cert-1.jpg","contentUrl":"https:\/\/gthltd.com\/concreterepair\/wp-content\/uploads\/2025\/03\/patch-no-more-gov-cert-1.jpg","width":600,"height":385,"caption":"Patch No More Certified"},{"@type":"BreadcrumbList","@id":"https:\/\/gthltd.com\/concreterepair\/government-approval\/#breadcrumb","itemListElement":[{"@type":"ListItem","position":1,"name":"Home","item":"https:\/\/gthltd.com\/concreterepair\/"},{"@type":"ListItem","position":2,"name":"Government Approval"}]},{"@type":"WebSite","@id":"https:\/\/gthltd.com\/concreterepair\/#website","url":"https:\/\/gthltd.com\/concreterepair\/","name":"G.T.H. Ltd.","description":"Concrete Repair Systems","potentialAction":[{"@type":"SearchAction","target":{"@type":"EntryPoint","urlTemplate":"https:\/\/gthltd.com\/concreterepair\/?s={search_term_string}"},"query-input":{"@type":"PropertyValueSpecification","valueRequired":true,"valueName":"search_term_string"}}],"inLanguage":"en-CA"}]}},"_links":{"self":[{"href":"https:\/\/gthltd.com\/concreterepair\/wp-json\/wp\/v2\/pages\/12","targetHints":{"allow":["GET"]}}],"collection":[{"href":"https:\/\/gthltd.com\/concreterepair\/wp-json\/wp\/v2\/pages"}],"about":[{"href":"https:\/\/gthltd.com\/concreterepair\/wp-json\/wp\/v2\/types\/page"}],"author":[{"embeddable":true,"href":"https:\/\/gthltd.com\/concreterepair\/wp-json\/wp\/v2\/users\/1"}],"replies":[{"embeddable":true,"href":"https:\/\/gthltd.com\/concreterepair\/wp-json\/wp\/v2\/comments?post=12"}],"version-history":[{"count":5,"href":"https:\/\/gthltd.com\/concreterepair\/wp-json\/wp\/v2\/pages\/12\/revisions"}],"predecessor-version":[{"id":240,"href":"https:\/\/gthltd.com\/concreterepair\/wp-json\/wp\/v2\/pages\/12\/revisions\/240"}],"wp:attachment":[{"href":"https:\/\/gthltd.com\/concreterepair\/wp-json\/wp\/v2\/media?parent=12"}],"curies":[{"name":"wp","href":"https:\/\/api.w.org\/{rel}","templated":true}]}}